{"id":16,"date":"2014-03-19T14:22:53","date_gmt":"2014-03-19T12:22:53","guid":{"rendered":"http:\/\/spdwoelfersheim.de\/?page_id=16"},"modified":"2025-01-06T16:27:33","modified_gmt":"2025-01-06T14:27:33","slug":"kontakt","status":"publish","type":"page","link":"http:\/\/spdwoelfersheim.de\/?page_id=16","title":{"rendered":"Kontakt"},"content":{"rendered":"<p>Wir freuen uns, von Ihnen zu h\u00f6ren! Bei Fragen, Anliegen oder Anregungen k\u00f6nnen Sie uns gerne auf den folgenden Wegen erreichen:<\/p>\n<h3>Ihre W\u00f6lfersheimer SPD<\/h3>\n<h3>Hessenring 2<br \/>\n61200 W\u00f6lfersheim<\/h3>\n<h3>E-Mail:\u00a0<a href=\"mailto:kontakt@SPDwoelfersheim.de\" target=\"_blank\" rel=\"noopener\">kontakt [at] SPDwoelfersheim [punkt] de<\/a><\/h3>\n<p>&nbsp;<\/p>\n<p>Wir sind gerne f\u00fcr Sie da!<\/p>\n<p>&nbsp;<\/p>\n","protected":false},"excerpt":{"rendered":"<p>Wir freuen uns, von Ihnen zu h\u00f6ren! Bei Fragen, Anliegen oder Anregungen k\u00f6nnen Sie uns gerne auf den folgenden Wegen erreichen: Ihre W\u00f6lfersheimer SPD Hessenring 2 61200 W\u00f6lfersheim E-Mail:\u00a0kontakt [at] SPDwoelfersheim [punkt] de &nbsp; Wir sind gerne f\u00fcr Sie da! &nbsp;<\/p>\n","protected":false},"author":6,"featured_media":0,"parent":0,"menu_order":40,"comment_status":"closed","ping_status":"closed","template":"","meta":{"rop_custom_images_group":[],"rop_custom_messages_group":[],"rop_publish_now":"initial","rop_publish_now_accounts":[],"rop_publish_now_history":[],"rop_publish_now_status":"pending","footnotes":""},"class_list":["post-16","page","type-page","status-publish","hentry"],"_links":{"self":[{"href":"http:\/\/spdwoelfersheim.de\/index.php?rest_route=\/wp\/v2\/pages\/16","targetHints":{"allow":["GET"]}}],"collection":[{"href":"http:\/\/spdwoelfersheim.de\/index.php?rest_route=\/wp\/v2\/pages"}],"about":[{"href":"http:\/\/spdwoelfersheim.de\/index.php?rest_route=\/wp\/v2\/types\/page"}],"author":[{"embeddable":true,"href":"http:\/\/spdwoelfersheim.de\/index.php?rest_route=\/wp\/v2\/users\/6"}],"replies":[{"embeddable":true,"href":"http:\/\/spdwoelfersheim.de\/index.php?rest_route=%2Fwp%2Fv2%2Fcomments&post=16"}],"version-history":[{"count":15,"href":"http:\/\/spdwoelfersheim.de\/index.php?rest_route=\/wp\/v2\/pages\/16\/revisions"}],"predecessor-version":[{"id":2092,"href":"http:\/\/spdwoelfersheim.de\/index.php?rest_route=\/wp\/v2\/pages\/16\/revisions\/2092"}],"wp:attachment":[{"href":"http:\/\/spdwoelfersheim.de\/index.php?rest_route=%2Fwp%2Fv2%2Fmedia&parent=16"}],"curies":[{"name":"wp","href":"https:\/\/api.w.org\/{rel}","templated":true}]}}