{"id":18,"date":"2014-03-19T14:23:13","date_gmt":"2014-03-19T12:23:13","guid":{"rendered":"http:\/\/spdwoelfersheim.de\/?page_id=18"},"modified":"2025-01-06T16:31:15","modified_gmt":"2025-01-06T14:31:15","slug":"impressum","status":"publish","type":"page","link":"http:\/\/spdwoelfersheim.de\/?page_id=18","title":{"rendered":"Impressum"},"content":{"rendered":"<p><strong>Angaben gem\u00e4\u00df \u00a7 5 TMG:<\/strong><\/p>\n<p>Sozialdemokratische Partei Deutschlands (SPD)<br \/>\nOrtsverein W\u00f6lfersheim<br \/>\nVertreten durch den Parteivorsitzenden<br \/>\nGerhard Weber<br \/>\nHessenring 2<br \/>\n61200 W\u00f6lfersheim<\/p>\n<p>Telefon: 06036-1466<br \/>\nE-Mail: <a href=\"kontakt@SPDwoelfersheim.de\">kontakt [at] SPDwoelfersheim [punkt] de<\/a><\/p>\n<p><strong>Verantwortlich f\u00fcr den Inhalt nach \u00a7 55 Abs. 2 RStV:<\/strong><br \/>\nGerhard Weber<br \/>\nHessenring 2<br \/>\n61200 W\u00f6lfersheim<\/p>\n<p>Telefon: 06036-1466<br \/>\nE-Mail: <a href=\"kontakt@SPDwoelfersheim.de\">kontakt [at] SPDwoelfersheim [punkt] de<\/a><\/p>\n<p><strong>Kontakt:<\/strong><br \/>\nSPD W\u00f6lfersheim<br \/>\nHessenring 2<br \/>\n61200 W\u00f6lfersheim<br \/>\nE-Mail: <a href=\"kontakt@SPDwoelfersheim.de\">kontakt [at] SPDwoelfersheim [punkt] de<\/a><\/p>\n<p><strong>Urheberrecht:<\/strong><br \/>\nAlle Texte, Fotos und Gestaltungselemente auf dieser Website sind urheberrechtlich gesch\u00fctzt, sofern nicht anders angegeben. Jede Verwertung ohne vorherige schriftliche Zustimmung der SPD W\u00f6lfersheim ist unzul\u00e4ssig. Die SPD W\u00f6lfersheim erlaubt jedoch die Verwendung der urheberrechtlich gesch\u00fctzten Inhalte f\u00fcr die Gestaltung der Internetseiten regionaler Gliederungen der SPD, sofern kein anderweitiger Urheberrechtsvermerk zugunsten eines Dritten vorliegt. Sollte ein Dritter als Urheber oder Verwertungsberechtigter angegeben sein, sind die entsprechenden Nutzungsrechte vor einer Nutzung von diesem Dritten zu erwerben.<\/p>\n<p><strong>Haftungsausschluss:<\/strong><br \/>\nTrotz sorgf\u00e4ltiger inhaltlicher Kontrolle \u00fcbernehmen wir keine Haftung f\u00fcr die Inhalte externer Links. F\u00fcr den Inhalt der verlinkten Seiten sind ausschlie\u00dflich deren Betreiber verantwortlich. Diese Erkl\u00e4rung gilt f\u00fcr alle auf unserer Website angezeigten Links und f\u00fcr alle Inhalte der Seiten, zu denen die bei uns angemeldeten Banner und Links f\u00fchren.<\/p>\n<p><strong>Produktion:<\/strong><br \/>\nDiese Website wurde realisiert mit Unterst\u00fctzung von <a href=\"http:\/\/www.generatormedia.de\" target=\"_blank\" rel=\"noopener noreferrer\">generatormedia.de<\/a>.<\/p>\n<p><strong>Nutzungsrechte:<\/strong><br \/>\nAlle Texte, Fotos und Gestaltungselemente dieser Website sind urheberrechtlich gesch\u00fctzt, sofern nicht anders angegeben. Eine Verwertung au\u00dferhalb der engen Grenzen des Urheberrechtsgesetzes ist ohne schriftliche Zustimmung des Herausgebers nicht gestattet. Alle Rechte vorbehalten.<\/p>\n<p><strong>Hinweis gem\u00e4\u00df Telemediengesetz:<\/strong><br \/>\nF\u00fcr Internetseiten Dritter, auf die der Herausgeber durch Links verweist, tragen die jeweiligen Anbieter die Verantwortung. Der Herausgeber ist f\u00fcr den Inhalt solcher Seiten Dritter nicht verantwortlich. Dar\u00fcber hinaus kann die Website des Herausgebers ohne dessen Wissen von anderen Seiten mittels Links verbunden werden. Der Herausgeber \u00fcbernimmt keine Verantwortung f\u00fcr Darstellungen, Inhalte oder irgendeine Verbindung zur Parteigliederung des Herausgebers auf Websites Dritter. F\u00fcr fremde Inhalte ist der Herausgeber nur dann verantwortlich, wenn er von ihnen positive Kenntnis hat und es technisch m\u00f6glich und zumutbar ist, deren Nutzung zu verhindern. Der Herausgeber ist nach dem Telemediengesetz jedoch nicht verpflichtet, die fremden Inhalte st\u00e4ndig zu \u00fcberpr\u00fcfen.<\/p>\n<p><b><\/b><\/p>\n","protected":false},"excerpt":{"rendered":"<p>Angaben gem\u00e4\u00df \u00a7 5 TMG: Sozialdemokratische Partei Deutschlands (SPD) Ortsverein W\u00f6lfersheim Vertreten durch den Parteivorsitzenden Gerhard Weber Hessenring 2 61200 W\u00f6lfersheim Telefon: 06036-1466 E-Mail: kontakt [at] SPDwoelfersheim [punkt] de Verantwortlich f\u00fcr den Inhalt nach \u00a7 55 Abs. 2 RStV: Gerhard Weber Hessenring 2 61200 W\u00f6lfersheim Telefon: 06036-1466 E-Mail: kontakt [at] SPDwoelfersheim [punkt] de Kontakt: SPD [&hellip;]<\/p>\n","protected":false},"author":6,"featured_media":0,"parent":16,"menu_order":0,"comment_status":"closed","ping_status":"closed","template":"","meta":{"rop_custom_images_group":[],"rop_custom_messages_group":[],"rop_publish_now":"initial","rop_publish_now_accounts":[],"rop_publish_now_history":[],"rop_publish_now_status":"pending","footnotes":""},"class_list":["post-18","page","type-page","status-publish","hentry"],"_links":{"self":[{"href":"http:\/\/spdwoelfersheim.de\/index.php?rest_route=\/wp\/v2\/pages\/18","targetHints":{"allow":["GET"]}}],"collection":[{"href":"http:\/\/spdwoelfersheim.de\/index.php?rest_route=\/wp\/v2\/pages"}],"about":[{"href":"http:\/\/spdwoelfersheim.de\/index.php?rest_route=\/wp\/v2\/types\/page"}],"author":[{"embeddable":true,"href":"http:\/\/spdwoelfersheim.de\/index.php?rest_route=\/wp\/v2\/users\/6"}],"replies":[{"embeddable":true,"href":"http:\/\/spdwoelfersheim.de\/index.php?rest_route=%2Fwp%2Fv2%2Fcomments&post=18"}],"version-history":[{"count":12,"href":"http:\/\/spdwoelfersheim.de\/index.php?rest_route=\/wp\/v2\/pages\/18\/revisions"}],"predecessor-version":[{"id":2096,"href":"http:\/\/spdwoelfersheim.de\/index.php?rest_route=\/wp\/v2\/pages\/18\/revisions\/2096"}],"up":[{"embeddable":true,"href":"http:\/\/spdwoelfersheim.de\/index.php?rest_route=\/wp\/v2\/pages\/16"}],"wp:attachment":[{"href":"http:\/\/spdwoelfersheim.de\/index.php?rest_route=%2Fwp%2Fv2%2Fmedia&parent=18"}],"curies":[{"name":"wp","href":"https:\/\/api.w.org\/{rel}","templated":true}]}}